{"id":67508,"date":"2022-03-26T00:38:29","date_gmt":"2022-03-25T23:38:29","guid":{"rendered":"https:\/\/thejoue.com\/?page_id=67508"},"modified":"2022-03-26T00:38:51","modified_gmt":"2022-03-25T23:38:51","slug":"contacta-con-nosotros","status":"publish","type":"page","link":"https:\/\/thejoue.com\/es\/contacta-con-nosotros\/","title":{"rendered":"Contacta con nosotros"},"content":{"rendered":"<p><img decoding=\"async\" class=\"alignnone size-full\" src=\"https:\/\/thejoue.com\/wp-content\/uploads\/2020\/04\/office-2.jpg?w=1520&amp;ssl=1\" width=\"1520\" height=\"1013\" alt=\"\" title=\"\"><\/p>\n<p>Hola, \u00a1bienvenido al blog de Jou\u00e9!<\/p>\n<p>Esta plataforma est\u00e1 dise\u00f1ada para que tu voz sea escuchada. En Jou\u00e9 creemos que todo el mundo tiene un talento \u00fanico y que puede llegar al \u00e9xito por muy normal que parezca en la vida real. S\u00e9 valiente y comparte las palabras.<\/p>\n<p>Si tienes alguna duda con el contenido u otras cuestiones que puedas encontrar aqu\u00ed, por favor, utiliza el contacto con nosotros en<strong><em> camille@thejoue(dot)com<\/em><\/strong> y te responderemos lo antes posible. Gracias.<\/p>\n","protected":false},"excerpt":{"rendered":"<p>Hola, \u00a1bienvenido al blog de Jou\u00e9! Esta plataforma est\u00e1 dise\u00f1ada para que tu voz sea escuchada. En Jou\u00e9 creemos que todo el mundo tiene un talento \u00fanico y que puede llegar al \u00e9xito por muy normal que parezca en la vida real. S\u00e9 valiente y comparte las palabras. Si tienes alguna duda con el contenido&hellip;<\/p>\n","protected":false},"author":1,"featured_media":0,"parent":0,"menu_order":1,"comment_status":"closed","ping_status":"closed","template":"","meta":{"footnotes":""},"class_list":["post-67508","page","type-page","status-publish","hentry"],"_links":{"self":[{"href":"https:\/\/thejoue.com\/es\/wp-json\/wp\/v2\/pages\/67508","targetHints":{"allow":["GET"]}}],"collection":[{"href":"https:\/\/thejoue.com\/es\/wp-json\/wp\/v2\/pages"}],"about":[{"href":"https:\/\/thejoue.com\/es\/wp-json\/wp\/v2\/types\/page"}],"author":[{"embeddable":true,"href":"https:\/\/thejoue.com\/es\/wp-json\/wp\/v2\/users\/1"}],"replies":[{"embeddable":true,"href":"https:\/\/thejoue.com\/es\/wp-json\/wp\/v2\/comments?post=67508"}],"version-history":[{"count":2,"href":"https:\/\/thejoue.com\/es\/wp-json\/wp\/v2\/pages\/67508\/revisions"}],"predecessor-version":[{"id":67511,"href":"https:\/\/thejoue.com\/es\/wp-json\/wp\/v2\/pages\/67508\/revisions\/67511"}],"wp:attachment":[{"href":"https:\/\/thejoue.com\/es\/wp-json\/wp\/v2\/media?parent=67508"}],"curies":[{"name":"wp","href":"https:\/\/api.w.org\/{rel}","templated":true}]}}