{"id":8399,"date":"2020-08-22T19:32:43","date_gmt":"2020-08-22T17:32:43","guid":{"rendered":"https:\/\/thejoue.com\/?page_id=8399"},"modified":"2022-03-26T00:20:26","modified_gmt":"2022-03-25T23:20:26","slug":"about-the-team","status":"publish","type":"page","link":"https:\/\/thejoue.com\/fr\/about-the-team\/","title":{"rendered":"\u00c0 propos de nous"},"content":{"rendered":"<p>Bonjour, bienvenue sur le blog de The Jou\u00e9 !<\/p>\n<p>Nous sommes Camille Wordsworth, Jessica et Jisub, trois employ\u00e9es de bureau dans la finance et l&rsquo;entreprise situ\u00e9es s\u00e9par\u00e9ment en France et aux \u00c9tats-Unis. En dehors du travail, nous avons des int\u00e9r\u00eats communs pour la technologie, les bijoux, la litt\u00e9rature et la philosophie.<\/p>\n<p>Nous avons cr\u00e9\u00e9 ce site web \u00e0 but non lucratif pour partager les exp\u00e9riences que nous avons acquises en travaillant dur dans de grandes entreprises internationales ainsi que dans des start-ups innovantes gr\u00e2ce \u00e0 l&rsquo;\u00e9ducation que nous avons re\u00e7ue.<\/p>\n<p>Vous y trouverez des conseils de marketing pratiques qui sont r\u00e9ellement enseign\u00e9s, utilis\u00e9s et prouv\u00e9s efficaces par Camille, en tant que responsable du marketing num\u00e9rique ; de nouvelles m\u00e9thodologies et des concepts innovants sur les affaires par Jisub, qui fait de la banque d&rsquo;investissement mais garde un \u0153il attentif sur la fa\u00e7on d&rsquo;am\u00e9liorer la productivit\u00e9 au travail et \u00e0 la maison ; Jessica \u00e9crit sur la technologie et parfois sur la litt\u00e9rature et les bijoux.<\/p>\n<p>D&rsquo;une mani\u00e8re g\u00e9n\u00e9rale, nous esp\u00e9rons que vous trouverez le contenu de ce site int\u00e9ressant et utile pour vous en tant qu&rsquo;entrepreneur et en tant que personne. Nous sommes heureux de cr\u00e9er une telle plate-forme pour partager notre expertise.<\/p>\n<p>Si vous avez des questions concernant le contenu ou d&rsquo;autres sujets que vous pourriez trouver ici, veuillez utiliser le formulaire de contact et nous vous r\u00e9pondrons d\u00e8s que possible. Nous vous r\u00e9pondrons dans les plus brefs d\u00e9lais. Merci !<\/p>\n","protected":false},"excerpt":{"rendered":"<p>Bonjour, bienvenue sur le blog de The Jou\u00e9 ! Nous sommes Camille Wordsworth, Jessica et Jisub, trois employ\u00e9es de bureau dans la finance et l&rsquo;entreprise situ\u00e9es s\u00e9par\u00e9ment en France et aux \u00c9tats-Unis. En dehors du travail, nous avons des int\u00e9r\u00eats communs pour la technologie, les bijoux, la litt\u00e9rature et la philosophie. Nous avons cr\u00e9\u00e9 ce&hellip;<\/p>\n","protected":false},"author":1,"featured_media":0,"parent":0,"menu_order":0,"comment_status":"closed","ping_status":"closed","template":"","meta":{"footnotes":""},"class_list":["post-8399","page","type-page","status-publish","hentry"],"_links":{"self":[{"href":"https:\/\/thejoue.com\/fr\/wp-json\/wp\/v2\/pages\/8399","targetHints":{"allow":["GET"]}}],"collection":[{"href":"https:\/\/thejoue.com\/fr\/wp-json\/wp\/v2\/pages"}],"about":[{"href":"https:\/\/thejoue.com\/fr\/wp-json\/wp\/v2\/types\/page"}],"author":[{"embeddable":true,"href":"https:\/\/thejoue.com\/fr\/wp-json\/wp\/v2\/users\/1"}],"replies":[{"embeddable":true,"href":"https:\/\/thejoue.com\/fr\/wp-json\/wp\/v2\/comments?post=8399"}],"version-history":[{"count":7,"href":"https:\/\/thejoue.com\/fr\/wp-json\/wp\/v2\/pages\/8399\/revisions"}],"predecessor-version":[{"id":67494,"href":"https:\/\/thejoue.com\/fr\/wp-json\/wp\/v2\/pages\/8399\/revisions\/67494"}],"wp:attachment":[{"href":"https:\/\/thejoue.com\/fr\/wp-json\/wp\/v2\/media?parent=8399"}],"curies":[{"name":"wp","href":"https:\/\/api.w.org\/{rel}","templated":true}]}}