{"id":8401,"date":"2020-08-22T19:42:14","date_gmt":"2020-08-22T19:42:14","guid":{"rendered":"https:\/\/thejoue.com\/?page_id=8401"},"modified":"2020-08-22T19:53:45","modified_gmt":"2020-08-22T19:53:45","slug":"politique-de-confidentialite","status":"publish","type":"page","link":"https:\/\/thejoue.com\/fr\/politique-de-confidentialite\/","title":{"rendered":"Politique de confidentialit\u00e9"},"content":{"rendered":"<h2>Activit\u00e9<\/h2>\n<p>Cette fonction n&rsquo;enregistre que les activit\u00e9s des utilisateurs enregistr\u00e9s d&rsquo;un site, et la dur\u00e9e de conservation des donn\u00e9es d&rsquo;activit\u00e9 d\u00e9pendra du plan et du type d&rsquo;activit\u00e9 du site.<\/p>\n<p>Donn\u00e9es utilis\u00e9es : Pour assurer cette fonctionnalit\u00e9 et enregistrer les activit\u00e9s autour de la gestion du site, les informations suivantes sont saisies : adresse \u00e9lectronique de l&rsquo;utilisateur, r\u00f4le de l&rsquo;utilisateur, connexion de l&rsquo;utilisateur, nom d&rsquo;affichage de l&rsquo;utilisateur, ID de WordPress.com et de l&rsquo;utilisateur local, l&rsquo;activit\u00e9 \u00e0 enregistrer, l&rsquo;ID du site connect\u00e9 \u00e0 WordPress.com sur lequel l&rsquo;activit\u00e9 a lieu, la version Jetpack du site et l&rsquo;horodatage de l&rsquo;activit\u00e9. Certaines activit\u00e9s peuvent \u00e9galement inclure l&rsquo;adresse IP de l&rsquo;acteur (tentatives de connexion, par exemple) et l&rsquo;agent utilisateur.<\/p>\n<p>Activit\u00e9 suivie : Tentatives de connexion\/actions, actions de publication et de mise \u00e0 jour des pages, actions de soumission et de gestion des commentaires\/r\u00e9troactions, actions de gestion des plugins et des th\u00e8mes, mises \u00e0 jour des widgets, actions de gestion des utilisateurs, et modification de divers param\u00e8tres et options du site. La dur\u00e9e de conservation des donn\u00e9es d&rsquo;activit\u00e9 d\u00e9pend du plan du site et du type d&rsquo;activit\u00e9. Voir la liste compl\u00e8te des activit\u00e9s actuellement enregistr\u00e9es (ainsi que les informations de conservation).<\/p>\n<p>Donn\u00e9es synchronis\u00e9es ( ?): Tentatives de connexion r\u00e9ussies ou \u00e9chou\u00e9es, qui comprennent l&rsquo;adresse IP de l&rsquo;acteur et l&rsquo;agent utilisateur.<\/p>\n<h2>Carrousel<\/h2>\n<p>Les vues d&rsquo;images ne sont enregistr\u00e9es que si le propri\u00e9taire du site a explicitement activ\u00e9 le suivi des statistiques de vues d&rsquo;images pour cette fonctionnalit\u00e9 via le filtre jetpack_enable_carousel_stats.<\/p>\n<p>Donn\u00e9es utilis\u00e9es : Si le suivi des vues d&rsquo;images est activ\u00e9, les informations suivantes sont utilis\u00e9es : Adresse IP, identifiant de l&rsquo;utilisateur WordPress.com (si connect\u00e9), nom d&rsquo;utilisateur WordPress.com (si connect\u00e9), agent utilisateur, URL de visite, URL de r\u00e9f\u00e9rence, horodatage de l&rsquo;\u00e9v\u00e9nement, langue du navigateur, code pays.<\/p>\n<p>Activit\u00e9 suivie : Visualisation d&rsquo;images.<\/p>\n<h2>Aime les commentaires<\/h2>\n<p>Cette fonction n&rsquo;est accessible qu&rsquo;aux utilisateurs connect\u00e9s \u00e0 WordPress.com.<\/p>\n<p>Donn\u00e9es utilis\u00e9es : Les informations suivantes sont utilis\u00e9es pour le traitement d&rsquo;un commentaire : ID\/nom d&rsquo;utilisateur WordPress.com (vous devez \u00eatre connect\u00e9 pour utiliser cette fonction), l&rsquo;ID de l&rsquo;utilisateur local sp\u00e9cifique au site (si l&rsquo;utilisateur est connect\u00e9 au site sur lequel l&rsquo;\u00e9v\u00e9nement similaire s&rsquo;est produit), et un point de donn\u00e9es vrai\/faux qui nous indique si l&rsquo;utilisateur a aim\u00e9 un commentaire sp\u00e9cifique. Si vous effectuez une action similaire \u00e0 partir d&rsquo;une de nos applications mobiles, des informations suppl\u00e9mentaires sont utilis\u00e9es pour suivre l&rsquo;activit\u00e9 : Adresse IP, agent utilisateur, horodatage de l&rsquo;\u00e9v\u00e9nement, ID du blog, langue du navigateur, code pays et informations sur l&rsquo;appareil.<\/p>\n<p>Suivi de l&rsquo;activit\u00e9 : Commentaire aime.<\/p>\n<h2>Formulaire de contact<\/h2>\n<p>Donn\u00e9es utilis\u00e9es : Si Akismet est activ\u00e9 sur le site, les donn\u00e9es de soumission du formulaire de contact &#8211; adresse IP, agent utilisateur, nom, adresse e-mail, site web et message &#8211; sont soumises au service Akismet (\u00e9galement propri\u00e9t\u00e9 d&rsquo;Automattic) dans le seul but de v\u00e9rifier le spam. Les donn\u00e9es r\u00e9elles de soumission sont stock\u00e9es dans la base de donn\u00e9es du site sur lequel elles ont \u00e9t\u00e9 soumises et sont envoy\u00e9es par courrier \u00e9lectronique directement au propri\u00e9taire du formulaire (c&rsquo;est-\u00e0-dire l&rsquo;auteur du site qui a publi\u00e9 la page sur laquelle r\u00e9side le formulaire de contact). Ce courriel comprendra l&rsquo;adresse IP, l&rsquo;horodatage, le nom, l&rsquo;adresse \u00e9lectronique, le site web et le message de l&rsquo;auteur de la soumission.<\/p>\n<p>Donn\u00e9es synchronis\u00e9es ( ?): Publier et afficher les m\u00e9ta-donn\u00e9es associ\u00e9es \u00e0 la soumission d&rsquo;un formulaire de contact d&rsquo;un utilisateur. Si Akismet est activ\u00e9 sur le site, l&rsquo;adresse IP et l&rsquo;agent utilisateur initialement soumis avec le commentaire sont \u00e9galement synchronis\u00e9s, car ils sont stock\u00e9s dans le post meta.<\/p>\n<h2>Google Analytics<\/h2>\n<p>Donn\u00e9es utilis\u00e9es : Veuillez vous r\u00e9f\u00e9rer \u00e0 la documentation appropri\u00e9e de Google Analytics pour le type sp\u00e9cifique de donn\u00e9es qu&rsquo;il collecte. Pour les sites qui utilisent WooCommerce (\u00e9galement propri\u00e9t\u00e9 d&rsquo;Automattic) et cette fonctionnalit\u00e9 simultan\u00e9ment et dont le suivi de tous les achats est explicitement activ\u00e9, les \u00e9v\u00e9nements d&rsquo;achat enverront \u00e0 Google Analytics les informations suivantes : num\u00e9ro de commande, identifiant et nom du produit, cat\u00e9gorie de produit, co\u00fbt total et quantit\u00e9 d&rsquo;articles achet\u00e9s. Google Analytics offre l&rsquo;anonymat IP, qui peut \u00eatre activ\u00e9 par le propri\u00e9taire du site.<\/p>\n<p>Suivi de l&rsquo;activit\u00e9 : Cette fonction envoie les \u00e9v\u00e9nements de visualisation de la page (et potentiellement les \u00e9v\u00e9nements de lecture vid\u00e9o) \u00e0 Google Analytics pour consommation. Pour les sites g\u00e9rant des magasins aliment\u00e9s par WooCommerce, certains \u00e9v\u00e9nements suppl\u00e9mentaires sont \u00e9galement envoy\u00e9s \u00e0 Google Analytics : ajouts et suppressions de panier, vues et clics sur les listes de produits, vues d\u00e9taill\u00e9es des produits et achats. Le suivi de chaque \u00e9v\u00e9nement WooCommerce sp\u00e9cifique doit \u00eatre activ\u00e9 par le propri\u00e9taire du site.<\/p>\n<h2>Hovercards Gravatar<\/h2>\n<p>Donn\u00e9es utilis\u00e9es : Cette fonction enverra un hachage de l&rsquo;adresse \u00e9lectronique de l&rsquo;utilisateur (s&rsquo;il est connect\u00e9 au site ou \u00e0 WordPress.com &#8211; ou s&rsquo;il a soumis un commentaire sur le site en utilisant son adresse \u00e9lectronique qui est jointe \u00e0 un profil Gravatar actif) au service Gravatar (\u00e9galement propri\u00e9t\u00e9 d&rsquo;Automattic) afin de r\u00e9cup\u00e9rer l&rsquo;image de son profil.<\/p>\n<h2>D\u00e9filement infini<\/h2>\n<p>Donn\u00e9es utilis\u00e9es : Afin d&rsquo;enregistrer les pages vues via WordPress.com Stats (qui doit \u00eatre activ\u00e9 pour que le suivi des pages vues fonctionne ici) avec des charges suppl\u00e9mentaires, les informations suivantes sont utilis\u00e9es : Adresse IP, ID utilisateur WordPress.com (si connect\u00e9), nom d&rsquo;utilisateur WordPress.com (si connect\u00e9), agent utilisateur, URL de visite, URL de r\u00e9f\u00e9rence, horodatage de l&rsquo;\u00e9v\u00e9nement, langue du navigateur, code pays.<\/p>\n<p>Activit\u00e9 suivie : Les pages consult\u00e9es seront suivies \u00e0 chaque chargement suppl\u00e9mentaire (c&rsquo;est-\u00e0-dire lorsque vous faites d\u00e9filer la page vers le bas et qu&rsquo;une nouvelle s\u00e9rie de messages se charge automatiquement). Si le propri\u00e9taire du site a permis \u00e0 Google Analytics de fonctionner avec cette fonctionnalit\u00e9, un \u00e9v\u00e9nement de visualisation de la page sera \u00e9galement envoy\u00e9 au compte Google Analytics appropri\u00e9 \u00e0 chaque chargement suppl\u00e9mentaire.<\/p>\n<h2>Commentaires sur le Jetpack<\/h2>\n<p>Donn\u00e9es utilis\u00e9es : Le nom du commentateur, son adresse \u00e9lectronique et l&rsquo;URL du site (si elle est fournie par le formulaire de commentaire), l&rsquo;horodatage et l&rsquo;adresse IP. En outre, une IFrame jetpack.wordpress.com re\u00e7oit les donn\u00e9es suivantes : ID du blog WordPress.com joint au site, ID de l&rsquo;article sur lequel le commentaire est soumis, ID de l&rsquo;utilisateur local du commentateur (si disponible), nom d&rsquo;utilisateur local du commentateur (si disponible), URL du site du commentateur (si disponible), hachage MD5 de l&rsquo;adresse \u00e9lectronique du commentateur (si disponible), et le contenu du commentaire. Si Akismet (\u00e9galement propri\u00e9t\u00e9 d&rsquo;Automattic) est activ\u00e9 sur le site, les informations suivantes sont envoy\u00e9es au service dans le seul but de v\u00e9rifier le spam : le nom du commentateur, son adresse \u00e9lectronique, l&rsquo;URL du site, l&rsquo;adresse IP et l&rsquo;agent utilisateur.<\/p>\n<p>Activit\u00e9 suivie : Le nom de l&rsquo;auteur du commentaire, son adresse \u00e9lectronique et l&rsquo;URL du site (si elle a \u00e9t\u00e9 fournie lors de la soumission du commentaire) sont stock\u00e9s dans des cookies. En savoir plus sur ces cookies.<\/p>\n<p>Synchronisation des donn\u00e9es ( ?): Toutes les donn\u00e9es et m\u00e9tadonn\u00e9es (voir ci-dessus) associ\u00e9es aux commentaires. Cela comprend le statut du commentaire et, si Akismet est activ\u00e9 sur le site, s&rsquo;il a \u00e9t\u00e9 class\u00e9 comme spam par Akismet ou non.<\/p>\n<h2>Aime<\/h2>\n<p>Cette fonction n&rsquo;est accessible qu&rsquo;aux utilisateurs connect\u00e9s \u00e0 WordPress.com.<\/p>\n<p>Donn\u00e9es utilis\u00e9es : Les informations suivantes sont utilis\u00e9es pour traiter une action de type \u00ab\u00a0post\u00a0\u00bb : Adresse IP, ID utilisateur WordPress.com, nom d&rsquo;utilisateur WordPress.com, ID du site connect\u00e9 \u00e0 WordPress.com (sur lequel le message a \u00e9t\u00e9 appr\u00e9ci\u00e9), ID du message (du message qui a \u00e9t\u00e9 appr\u00e9ci\u00e9), agent utilisateur, horodatage de l&rsquo;\u00e9v\u00e9nement, langue du navigateur, code pays.<\/p>\n<p>Activit\u00e9 suivie : Poste aim\u00e9.<\/p>\n<h2>Th\u00e8me mobile<\/h2>\n<p>Donn\u00e9es utilis\u00e9es : Pr\u00e9f\u00e9rence d&rsquo;un visiteur pour la consultation de la version mobile d&rsquo;un site.<\/p>\n<p>Activit\u00e9 suivie : Un cookie (akm_mobile) est stock\u00e9 pendant 3,5 jours pour se souvenir si un visiteur du site souhaite ou non consulter sa version mobile. En savoir plus sur ce cookie.<\/p>\n<h2>Notifications<\/h2>\n<p>Cette fonction n&rsquo;est accessible qu&rsquo;aux utilisateurs enregistr\u00e9s du site qui sont connect\u00e9s \u00e0 WordPress.com.<\/p>\n<p>Donn\u00e9es utilis\u00e9es : Adresse IP, ID utilisateur WordPress.com, nom d&rsquo;utilisateur WordPress.com, ID et URL du site connect\u00e9 \u00e0 WordPress.com, version Jetpack, agent utilisateur, URL de visite, URL de r\u00e9f\u00e9rence, horodatage de l&rsquo;\u00e9v\u00e9nement, langue du navigateur, code pays. Certaines informations ou activit\u00e9s li\u00e9es aux visiteurs peuvent \u00eatre envoy\u00e9es au propri\u00e9taire du site via cette fonction. Il peut s&rsquo;agir de : adresse \u00e9lectronique, nom d&rsquo;utilisateur WordPress.com, URL du site, adresse \u00e9lectronique, contenu des commentaires, actions de suivi, etc.<\/p>\n<p>Activit\u00e9 suivie : Envoyer des notifications (c&rsquo;est-\u00e0-dire lorsque nous envoyons une notification \u00e0 un utilisateur particulier), ouvrir des notifications (c&rsquo;est-\u00e0-dire lorsqu&rsquo;un utilisateur ouvre une notification qu&rsquo;il re\u00e7oit), effectuer une action depuis le panneau de notification (par exemple, aimer un commentaire ou le marquer comme spam), et cliquer sur un lien depuis le panneau\/interface de notification.<\/p>\n<h2>Prot\u00e9ger<\/h2>\n<p>Donn\u00e9es utilis\u00e9es : Afin de v\u00e9rifier l&rsquo;activit\u00e9 de connexion et de bloquer potentiellement les tentatives frauduleuses, les informations suivantes sont utilis\u00e9es : l&rsquo;adresse IP de l&rsquo;utilisateur de la tentative, l&rsquo;adresse \u00e9lectronique ou le nom d&rsquo;utilisateur de la tentative (c&rsquo;est-\u00e0-dire en fonction de la valeur qu&rsquo;il tentait d&rsquo;utiliser lors du processus de connexion), et tous les en-t\u00eates HTTP li\u00e9s \u00e0 l&rsquo;adresse IP de l&rsquo;utilisateur de la tentative.<\/p>\n<p>Activit\u00e9 suivie : Echec des tentatives de connexion (y compris l&rsquo;adresse IP et l&rsquo;agent utilisateur). Nous avons \u00e9galement mis en place un cookie (jpp_math_pass) pour une dur\u00e9e d&rsquo;un jour afin de se souvenir si\/quand un utilisateur a r\u00e9ussi un captcha math\u00e9matique pour prouver qu&rsquo;il est un vrai humain. Pour en savoir plus sur ce cookie.<\/p>\n<p>Synchronisation des donn\u00e9es ( ?): Tentatives de connexion \u00e9chou\u00e9es, qui contiennent l&rsquo;adresse IP de l&rsquo;utilisateur, le nom d&rsquo;utilisateur ou l&rsquo;adresse \u00e9lectronique de la tentative et les informations sur l&rsquo;agent utilisateur.<\/p>\n<h2>Recherchez<\/h2>\n<p>Donn\u00e9es utilis\u00e9es : Tous les filtres de recherche et les donn\u00e9es d&rsquo;interrogation choisis par le visiteur afin de traiter une demande de recherche sur les serveurs de WordPress.com.<\/p>\n<h2>Partage<\/h2>\n<p>Donn\u00e9es utilis\u00e9es : Lorsque des boutons de partage officiels sont actifs sur le site, chaque bouton charge du contenu directement \u00e0 partir de son service afin d&rsquo;afficher le bouton ainsi que des informations et des outils pour la partie qui partage. Ainsi, chaque service peut \u00e0 son tour collecter des informations sur la partie qui partage. Lorsqu&rsquo;un bouton de partage non officiel de Facebook ou de Pinterest est actif sur le site, des informations telles que l&rsquo;adresse IP de la partie qui partage le contenu ainsi que l&rsquo;URL de la page seront disponibles pour chaque service, de sorte que le nombre de partages peut \u00eatre affich\u00e9 \u00e0 c\u00f4t\u00e9 du bouton. Lors du partage de contenu par courrier \u00e9lectronique (cette option n&rsquo;est disponible que si Akismet est actif sur le site), les informations suivantes sont utilis\u00e9es : le nom et l&rsquo;adresse \u00e9lectronique de la partie qui partage (si l&rsquo;utilisateur est connect\u00e9, ces informations seront directement extraites de son compte), l&rsquo;adresse IP (pour la v\u00e9rification du spam), l&rsquo;agent utilisateur (pour la v\u00e9rification du spam) et le corps\/contenu du courrier \u00e9lectronique. Ce contenu sera envoy\u00e9 \u00e0 Akismet (\u00e9galement propri\u00e9t\u00e9 d&rsquo;Automattic) afin qu&rsquo;un contr\u00f4le anti-spam puisse \u00eatre effectu\u00e9. De plus, si reCAPTCHA (par Google) est activ\u00e9 par le propri\u00e9taire du site, l&rsquo;adresse IP de la partie qui partage le contenu sera partag\u00e9e avec ce service. Vous pouvez trouver la politique de confidentialit\u00e9 de Google ici.<\/p>\n<h2>Abonnements<\/h2>\n<p>Donn\u00e9es utilis\u00e9es : Pour lancer et traiter les abonnements, les informations suivantes sont utilis\u00e9es : l&rsquo;adresse \u00e9lectronique de l&rsquo;abonn\u00e9 et l&rsquo;ID du message ou du commentaire (selon l&rsquo;abonnement sp\u00e9cifique trait\u00e9). Dans le cas o\u00f9 un nouvel abonnement est lanc\u00e9, nous recueillons \u00e9galement certaines donn\u00e9es de base du serveur, y compris tous les en-t\u00eates de demande HTTP de l&rsquo;utilisateur abonn\u00e9, l&rsquo;adresse IP \u00e0 partir de laquelle l&rsquo;utilisateur abonn\u00e9 consulte la page et l&rsquo;URI qui a \u00e9t\u00e9 donn\u00e9 pour acc\u00e9der \u00e0 la page (REQUEST_URI et DOCUMENT_URI). Ces donn\u00e9es de serveur sont utilis\u00e9es dans le but exclusif de surveiller et de pr\u00e9venir les abus et le spam.<\/p>\n<p>Activit\u00e9 suivie : Les cookies de fonctionnalit\u00e9 sont d\u00e9finis pour une dur\u00e9e de 347 jours pour m\u00e9moriser le blog d&rsquo;un visiteur et afficher les choix d&rsquo;abonnement si, en fait, il a un abonnement actif.<\/p>\n<h2>H\u00e9bergement de vid\u00e9os<\/h2>\n<p>Donn\u00e9es utilis\u00e9es : Pour le suivi de la lecture des vid\u00e9os via WordPress.com Stats, les informations suivantes sont utilis\u00e9es : adresse IP du spectateur, ID utilisateur WordPress.com (si connect\u00e9), nom d&rsquo;utilisateur WordPress.com (si connect\u00e9), agent utilisateur, URL de visite, URL de r\u00e9f\u00e9rence, horodatage de l&rsquo;\u00e9v\u00e9nement, langue du navigateur, code pays. Si Google Analytics est activ\u00e9, les \u00e9v\u00e9nements de lecture vid\u00e9o y seront \u00e9galement envoy\u00e9s.<\/p>\n<p>Activit\u00e9 suivie : Lecture de vid\u00e9os.<\/p>\n","protected":false},"excerpt":{"rendered":"<p>Activit\u00e9 Cette fonction n&rsquo;enregistre que les activit\u00e9s des utilisateurs enregistr\u00e9s d&rsquo;un site, et la dur\u00e9e de conservation des donn\u00e9es d&rsquo;activit\u00e9 d\u00e9pendra du plan et du type d&rsquo;activit\u00e9 du site. Donn\u00e9es utilis\u00e9es : Pour assurer cette fonctionnalit\u00e9 et enregistrer les activit\u00e9s autour de la gestion du site, les informations suivantes sont saisies : adresse \u00e9lectronique de&hellip;<\/p>\n","protected":false},"author":1,"featured_media":0,"parent":0,"menu_order":0,"comment_status":"closed","ping_status":"closed","template":"","meta":{"footnotes":""},"class_list":["post-8401","page","type-page","status-publish","hentry"],"_links":{"self":[{"href":"https:\/\/thejoue.com\/fr\/wp-json\/wp\/v2\/pages\/8401","targetHints":{"allow":["GET"]}}],"collection":[{"href":"https:\/\/thejoue.com\/fr\/wp-json\/wp\/v2\/pages"}],"about":[{"href":"https:\/\/thejoue.com\/fr\/wp-json\/wp\/v2\/types\/page"}],"author":[{"embeddable":true,"href":"https:\/\/thejoue.com\/fr\/wp-json\/wp\/v2\/users\/1"}],"replies":[{"embeddable":true,"href":"https:\/\/thejoue.com\/fr\/wp-json\/wp\/v2\/comments?post=8401"}],"version-history":[{"count":0,"href":"https:\/\/thejoue.com\/fr\/wp-json\/wp\/v2\/pages\/8401\/revisions"}],"wp:attachment":[{"href":"https:\/\/thejoue.com\/fr\/wp-json\/wp\/v2\/media?parent=8401"}],"curies":[{"name":"wp","href":"https:\/\/api.w.org\/{rel}","templated":true}]}}