{"id":8405,"date":"2020-08-22T19:58:52","date_gmt":"2020-08-22T19:58:52","guid":{"rendered":"https:\/\/thejoue.com\/?page_id=8405"},"modified":"2020-11-26T20:19:27","modified_gmt":"2020-11-26T20:19:27","slug":"termes-et-conditions","status":"publish","type":"page","link":"https:\/\/thejoue.com\/fr\/termes-et-conditions\/","title":{"rendered":"Conditions g\u00e9n\u00e9rales"},"content":{"rendered":"<h2>Bienvenue \u00e0 Cwordsworth<\/h2>\n<p>Les pr\u00e9sentes conditions g\u00e9n\u00e9rales d\u00e9crivent les r\u00e8gles et les r\u00e8glements relatifs \u00e0 l&rsquo;utilisation du site Web de Cwordsworth.<\/p>\n<p>Cwordsworth est situ\u00e9 \u00e0 l&rsquo;adresse suivante<\/p>\n<p>Strasbourg<br \/>\n67000 , France<\/p>\n<p>En acc\u00e9dant \u00e0 ce site web, nous supposons que vous acceptez int\u00e9gralement ces conditions g\u00e9n\u00e9rales. Ne continuez pas \u00e0 utiliser le site Web de Cwordsworth si vous n&rsquo;acceptez pas toutes les conditions g\u00e9n\u00e9rales \u00e9nonc\u00e9es sur cette page.<\/p>\n<p>La terminologie suivante s&rsquo;applique aux pr\u00e9sentes conditions g\u00e9n\u00e9rales, \u00e0 la d\u00e9claration de confidentialit\u00e9 et \u00e0 l&rsquo;avis de non-responsabilit\u00e9, ainsi qu&rsquo;\u00e0 tout accord : Les termes \u00ab\u00a0client\u00a0\u00bb, \u00ab\u00a0vous\u00a0\u00bb et \u00ab\u00a0votre\u00a0\u00bb font r\u00e9f\u00e9rence \u00e0 vous, la personne qui acc\u00e8de \u00e0 ce site Web et qui accepte les conditions g\u00e9n\u00e9rales de la soci\u00e9t\u00e9. \u00ab\u00a0La soci\u00e9t\u00e9\u00a0\u00bb, \u00ab\u00a0Nous\u00a0\u00bb, \u00ab\u00a0Notre\u00a0\u00bb, \u00ab\u00a0Nos\u00a0\u00bb et \u00ab\u00a0Notre\u00a0\u00bb, font r\u00e9f\u00e9rence \u00e0 notre soci\u00e9t\u00e9. \u00ab\u00a0Partie\u00a0\u00bb, \u00ab\u00a0Parties\u00a0\u00bb, ou \u00ab\u00a0Nous\u00a0\u00bb, d\u00e9signe \u00e0 la fois le Client et nous-m\u00eames, ou soit le Client, soit nous-m\u00eames. Tous les termes se r\u00e9f\u00e8rent \u00e0 l&rsquo;offre, l&rsquo;acceptation et la consid\u00e9ration du paiement n\u00e9cessaire pour entreprendre le processus de notre assistance au Client de la mani\u00e8re la plus appropri\u00e9e, que ce soit par des r\u00e9unions formelles d&rsquo;une dur\u00e9e d\u00e9termin\u00e9e, ou par tout autre moyen, dans le but expr\u00e8s de r\u00e9pondre aux besoins du Client en ce qui concerne la fourniture des services\/produits indiqu\u00e9s de la Soci\u00e9t\u00e9, conform\u00e9ment et sous r\u00e9serve du droit fran\u00e7ais en vigueur. Toute utilisation de la terminologie ci-dessus ou d&rsquo;autres mots au singulier, au pluriel, en majuscules et\/ou le ou les mots, sont consid\u00e9r\u00e9s comme interchangeables et donc comme se r\u00e9f\u00e9rant \u00e0 la m\u00eame chose.<\/p>\n<h2>Cookies<\/h2>\n<p>Nous utilisons des cookies. En utilisant le site Web de Cwordsworth, vous consentez \u00e0 l&rsquo;utilisation de t\u00e9moins conform\u00e9ment \u00e0 la politique de confidentialit\u00e9 de Cwordsworth.<\/p>\n<p>La plupart des sites Web interactifs modernes utilisent des cookies pour nous permettre de r\u00e9cup\u00e9rer les d\u00e9tails de l&rsquo;utilisateur \u00e0 chaque visite. Les cookies sont utilis\u00e9s dans certaines zones de notre site pour permettre la fonctionnalit\u00e9 de cette zone et la facilit\u00e9 d&rsquo;utilisation pour les personnes qui la visitent. Certains de nos partenaires affili\u00e9s \/ publicitaires peuvent \u00e9galement utiliser des cookies.<\/p>\n<h2>Licence<\/h2>\n<p>Sauf indication contraire, Cwordsworth et\/ou ses conc\u00e9dants de licence d\u00e9tiennent les droits de propri\u00e9t\u00e9 intellectuelle pour tout le mat\u00e9riel sur Cwordsworth. Tous les droits de propri\u00e9t\u00e9 intellectuelle sont r\u00e9serv\u00e9s. Vous pouvez consulter et\/ou imprimer les pages de https:\/\/thejoue.com pour votre usage personnel, sous r\u00e9serve des restrictions \u00e9nonc\u00e9es dans les pr\u00e9sentes conditions g\u00e9n\u00e9rales.<\/p>\n<p>Vous ne devez pas le faire :<\/p>\n<p>Republier du mat\u00e9riel provenant de https:\/\/thejoue.com<br \/>\nVendre, louer ou conc\u00e9der des sous-licences de mat\u00e9riel \u00e0 partir de https:\/\/thejoue.com<br \/>\nReproduire, dupliquer ou copier du mat\u00e9riel provenant de https:\/\/thejoue.com<\/p>\n<p>Redistribuer le contenu de Cwordsworth (sauf si le contenu est sp\u00e9cifiquement fait pour \u00eatre redistribu\u00e9).<\/p>\n<h2>Commentaires des utilisateurs<\/h2>\n<p>Le pr\u00e9sent accord prend effet \u00e0 la date du pr\u00e9sent document.<\/p>\n<p>Certaines parties de ce site web offrent aux utilisateurs la possibilit\u00e9 de publier et d&rsquo;\u00e9changer des opinions, des informations, du mat\u00e9riel et des donn\u00e9es (\u00ab\u00a0Commentaires\u00a0\u00bb) dans certaines zones du site. Cwordsworth ne filtre, n&rsquo;\u00e9dite, ne publie ni ne r\u00e9vise les Commentaires avant leur apparition sur le site Web et les Commentaires ne refl\u00e8tent pas les vues ou les opinions de Cwordsworth, de ses agents ou de ses affili\u00e9s. Les commentaires refl\u00e8tent le point de vue et l&rsquo;opinion de la personne qui publie ce point de vue ou cette opinion. Dans la mesure permise par les lois applicables, Cwordsworth ne sera pas responsable des commentaires ou de tout co\u00fbt de perte, responsabilit\u00e9, dommages ou d\u00e9penses caus\u00e9s et ou subis suite \u00e0 l&rsquo;utilisation et\/ou la publication et\/ou l&rsquo;apparition des commentaires sur ce site Web.<\/p>\n<p>Cwordsworth se r\u00e9serve le droit de surveiller tous les commentaires et de supprimer tout commentaire qu&rsquo;il consid\u00e8re, \u00e0 son enti\u00e8re discr\u00e9tion, comme inappropri\u00e9, offensant ou autrement en violation des pr\u00e9sentes conditions g\u00e9n\u00e9rales.<\/p>\n<p>Vous le garantissez et le d\u00e9clarez :<br \/>\nVous avez le droit de publier les Commentaires sur notre site Web et disposez de toutes les licences et de tous les consentements n\u00e9cessaires pour le faire ;<br \/>\nLes commentaires ne violent aucun droit de propri\u00e9t\u00e9 intellectuelle, y compris, sans limitation, les droits d&rsquo;auteur, les brevets ou les marques d\u00e9pos\u00e9es, ou tout autre droit de propri\u00e9t\u00e9 d&rsquo;un tiers ;<br \/>\nLes commentaires ne contiennent aucun mat\u00e9riel diffamatoire, calomnieux, offensant, ind\u00e9cent ou autrement ill\u00e9gal, ni aucun mat\u00e9riel qui constitue une atteinte \u00e0 la vie priv\u00e9e<br \/>\nLes commentaires ne seront pas utilis\u00e9s pour solliciter ou promouvoir des affaires ou des coutumes ou pr\u00e9senter des activit\u00e9s commerciales ou des activit\u00e9s ill\u00e9gales.<\/p>\n<p>Vous accordez par la pr\u00e9sente \u00e0 Cwordsworth une licence non exclusive et libre de droits d&rsquo;utilisation, de reproduction, d&rsquo;\u00e9dition et d&rsquo;autorisation d&rsquo;utilisation, de reproduction et d&rsquo;\u00e9dition de vos commentaires sous toutes les formes, formats ou supports.<\/p>\n<p>&nbsp;<\/p>\n<p>&nbsp;<\/p>\n<p>&nbsp;<\/p>\n","protected":false},"excerpt":{"rendered":"<p>Bienvenue \u00e0 Cwordsworth Les pr\u00e9sentes conditions g\u00e9n\u00e9rales d\u00e9crivent les r\u00e8gles et les r\u00e8glements relatifs \u00e0 l&rsquo;utilisation du site Web de Cwordsworth. Cwordsworth est situ\u00e9 \u00e0 l&rsquo;adresse suivante Strasbourg 67000 , France En acc\u00e9dant \u00e0 ce site web, nous supposons que vous acceptez int\u00e9gralement ces conditions g\u00e9n\u00e9rales. Ne continuez pas \u00e0 utiliser le site Web de&hellip;<\/p>\n","protected":false},"author":1,"featured_media":0,"parent":0,"menu_order":0,"comment_status":"closed","ping_status":"closed","template":"","meta":{"footnotes":""},"class_list":["post-8405","page","type-page","status-publish","hentry"],"_links":{"self":[{"href":"https:\/\/thejoue.com\/fr\/wp-json\/wp\/v2\/pages\/8405","targetHints":{"allow":["GET"]}}],"collection":[{"href":"https:\/\/thejoue.com\/fr\/wp-json\/wp\/v2\/pages"}],"about":[{"href":"https:\/\/thejoue.com\/fr\/wp-json\/wp\/v2\/types\/page"}],"author":[{"embeddable":true,"href":"https:\/\/thejoue.com\/fr\/wp-json\/wp\/v2\/users\/1"}],"replies":[{"embeddable":true,"href":"https:\/\/thejoue.com\/fr\/wp-json\/wp\/v2\/comments?post=8405"}],"version-history":[{"count":0,"href":"https:\/\/thejoue.com\/fr\/wp-json\/wp\/v2\/pages\/8405\/revisions"}],"wp:attachment":[{"href":"https:\/\/thejoue.com\/fr\/wp-json\/wp\/v2\/media?parent=8405"}],"curies":[{"name":"wp","href":"https:\/\/api.w.org\/{rel}","templated":true}]}}