{"id":8412,"date":"2020-08-22T20:06:01","date_gmt":"2020-08-22T20:06:01","guid":{"rendered":"https:\/\/thejoue.com\/?page_id=8412"},"modified":"2022-05-10T00:15:31","modified_gmt":"2022-05-09T22:15:31","slug":"article-invite-guest-posting","status":"publish","type":"page","link":"https:\/\/thejoue.com\/fr\/article-invite-guest-posting\/","title":{"rendered":"Article invit\u00e9 sur le marketing, la technologie et les bijoux ( guest posting)"},"content":{"rendered":"\n<div class=\"wp-block-image\"><figure class=\"aligncenter\"><img decoding=\"async\" width=\"1280\" height=\"918\" src=\"http:\/\/cwordsworth.com\/wp-content\/uploads\/2021\/02\/lucas-mendes-8i_d2WZvgDg-unsplash-1-min.jpg\" alt=\"Article invit\u00e9 sur le marketing, la technologie et les bijoux ( guest posting)\" class=\"wp-image-12400\" title=\"\" srcset=\"https:\/\/thejoue.com\/wp-content\/uploads\/2021\/02\/lucas-mendes-8i_d2WZvgDg-unsplash-1-min.jpg 1280w, https:\/\/thejoue.com\/wp-content\/uploads\/2021\/02\/lucas-mendes-8i_d2WZvgDg-unsplash-1-min-640x459.jpg 640w, https:\/\/thejoue.com\/wp-content\/uploads\/2021\/02\/lucas-mendes-8i_d2WZvgDg-unsplash-1-min-160x115.jpg 160w, https:\/\/thejoue.com\/wp-content\/uploads\/2021\/02\/lucas-mendes-8i_d2WZvgDg-unsplash-1-min-768x551.jpg 768w, https:\/\/thejoue.com\/wp-content\/uploads\/2021\/02\/lucas-mendes-8i_d2WZvgDg-unsplash-1-min-370x265.jpg 370w, https:\/\/thejoue.com\/wp-content\/uploads\/2021\/02\/lucas-mendes-8i_d2WZvgDg-unsplash-1-min-800x574.jpg 800w, https:\/\/thejoue.com\/wp-content\/uploads\/2021\/02\/lucas-mendes-8i_d2WZvgDg-unsplash-1-min-185x133.jpg 185w, https:\/\/thejoue.com\/wp-content\/uploads\/2021\/02\/lucas-mendes-8i_d2WZvgDg-unsplash-1-min-740x531.jpg 740w, https:\/\/thejoue.com\/wp-content\/uploads\/2021\/02\/lucas-mendes-8i_d2WZvgDg-unsplash-1-min-20x14.jpg 20w, https:\/\/thejoue.com\/wp-content\/uploads\/2021\/02\/lucas-mendes-8i_d2WZvgDg-unsplash-1-min-400x287.jpg 400w, https:\/\/thejoue.com\/wp-content\/uploads\/2021\/02\/lucas-mendes-8i_d2WZvgDg-unsplash-1-min-67x48.jpg 67w, https:\/\/thejoue.com\/wp-content\/uploads\/2021\/02\/lucas-mendes-8i_d2WZvgDg-unsplash-1-min-320x230.jpg 320w\" sizes=\"(max-width: 1280px) 100vw, 1280px\" \/><\/figure><\/div>\n\n\n<h5>BONJOUR, BIENVENUE SUR LE BLOG THE JOUE ! NOUS VOUS INVITONS \u00c0 NOUS ENVOYER UN ARTICLE INVIT\u00c9 SUR <span style=\"color: #f75454;\">LE MARKETING, LA TECHNOLOGIE ET LES BIJOUX<\/span> ET \u00c0 PUBLIER UN GUEST POSTING DE QUALIT\u00c9 SUR NOTRE BLOG.<\/h5>\n<p>Vous pouvez soumettre un article original, dont le contenu est bas\u00e9 sur votre expertise professionnelle, et nous l\u2019examinerons en vue d\u2019une \u00e9ventuelle publication sur notre site.<\/p>\n<p>Selon\u00a0<a href=\"https:\/\/neilpatel.com\/blog\/guide-to-guest-blogging\/\" target=\"_blank\" rel=\"noopener\">Neil Patel<\/a>, la publication d\u2019articles d\u2019invit\u00e9s aide \u00e0 obtenir une exposition et un trafic de retour vers votre site web, \u00e0 vous positionner comme une autorit\u00e9 et un nom connu dans le secteur et \u00e0 cr\u00e9er des backlinks vers votre site web.<\/p>\n<p>En fait, les backlinks (c\u2019est-\u00e0-dire des liens depuis des sites qui le recommandent) sont l\u2019une des choses les plus importantes pour obtenir un volume \u00e9lev\u00e9 de trafic organique. Ils contribuent \u00e0 am\u00e9liorer la qualit\u00e9 et la popularit\u00e9 de votre site web.<\/p>\n<p>Gr\u00e2ce au travail acharn\u00e9 de notre \u00e9quipe, le blog The Joue a maintenant une <strong>autorit\u00e9 de domaine \u00e9lev\u00e9e de 55+<\/strong> selon MOZ (toujours en augmentation), un <strong>Domain Rating \u00e9lev\u00e9 de 77+<\/strong> selon Ahrefs (toujours en augmentation) et un volume \u00e9lev\u00e9 de<strong> trafic organique de 35K+<\/strong> (toujours en augmentation).<\/p>\n<p>Par cons\u00e9quent, la publication d\u2019articles ou de blogs d\u2019invit\u00e9s sur notre site offre un avantage important, tant pour vous que pour nous.<\/p>\n<p>Avant de soumettre un article invit\u00e9, consultez\u00a0<a href=\"https:\/\/thejoue.com\/business\/\">nos articles r\u00e9cents<\/a>\u00a0pour avoir un aper\u00e7u de la structuration et du formatage de votre article.<\/p>\n<h2>Directives Pour Les Articles Invit\u00e9s<\/h2>\n<p>1. Sujets \u2013 Nous acceptons les articles invit\u00e9s sur le marketing, la technologie et les bijoux.<\/p>\n<p>2. Contenu \u2013 Les articles invit\u00e9s peuvent avoir un ton et un contenu d\u00e9sinvoltes \u2013 id\u00e9al pour les tutoriels et les articles moins intensifs \u2013 ou \u00eatre rigoureusement structur\u00e9s et \u00e9dit\u00e9s. Tous doivent \u00eatre des explorations bien r\u00e9fl\u00e9chies de sujets d\u2019actualit\u00e9 et de pointe dans l\u2019industrie.<\/p>\n<p>3. Nombre de mots \u2013 Veuillez soumettre des articles d\u2019au moins 800 mots.<\/p>\n<p>4. Sources de citation \u2013 Si votre article fait r\u00e9f\u00e9rence \u00e0 des donn\u00e9es, des faits, des statistiques ou des \u00e9tudes de recherche, veillez \u00e0 inclure un lien vers une source v\u00e9rifi\u00e9e et cr\u00e9dible.<\/p>\n<h2>\u00c0 Ne Pas Faire<\/h2>\n<p>1. N\u2019envoyez pas un article invit\u00e9 qui a \u00e9t\u00e9 ou sera publi\u00e9 ailleurs<\/p>\n<p>2. N\u2019envoyez pas un article invit\u00e9 comportant des fautes de grammaire, des d\u00e9fauts de logique, etc.<\/p>\n<h2>Comment Soumettre Votre Article Invit\u00e9<\/h2>\n<p>Veuillez envoyer votre article invit\u00e9 exactement comme indiqu\u00e9 dans le guide, \u00e0 <strong><em>camille@thejoue(dot)com<\/em><\/strong>. Nous vous recontacterons dans les 3-4 jours si l\u2019article est de notre int\u00e9r\u00eat.<\/p>\n<p>&#8212;<\/p>\n<h5>\u00c0 Propos De Nous<\/h5>\n<p>Nous sommes Camille Wordsworth, Jessica et Jisub. Ce site web est cr\u00e9\u00e9 par nous pour partager et apprendre.<\/p>\n<p>Vous y trouverez des conseils de marketing pratiques qui sont r\u00e9ellement enseign\u00e9s, utilis\u00e9s et dont l\u2019efficacit\u00e9 a \u00e9t\u00e9 prouv\u00e9e ; de nouvelles m\u00e9thodologies et des concepts novateurs sur les affaires pour am\u00e9liorer la productivit\u00e9 au travail et \u00e0 la maison ; un contenu divertissant sur les bijoux \u00e9galement.<\/p>\n<p>D\u2019une mani\u00e8re g\u00e9n\u00e9rale, nous esp\u00e9rons que vous trouverez le contenu de ce site int\u00e9ressant et utile pour vous en tant qu\u2019entrepreneur et en tant que personne. Nous sommes heureux de mettre en place une telle plate-forme de partage et d\u2019apprentissage.<\/p>\n<p>Si vous avez des questions concernant le contenu ou d\u2019autres sujets que vous pourriez trouver ici, veuillez nous contacter par courrier \u00e9lectronique <strong><em>camille@thejoue(dot)com <\/em><\/strong>et nous vous r\u00e9pondrons dans les plus brefs d\u00e9lais. Nous vous r\u00e9pondrons d\u00e8s que possible.<\/p>\n<p>Merci!<\/p>","protected":false},"excerpt":{"rendered":"<p>Nous vous invitons \u00e0 nous envoyer un article invit\u00e9 sur le marketing, la technologie et les bijoux et \u00e0 publier un guest posting de qualit\u00e9 sur notre blog.<\/p>\n","protected":false},"author":1,"featured_media":0,"parent":0,"menu_order":0,"comment_status":"closed","ping_status":"closed","template":"","meta":{"footnotes":""},"class_list":["post-8412","page","type-page","status-publish","hentry"],"_links":{"self":[{"href":"https:\/\/thejoue.com\/fr\/wp-json\/wp\/v2\/pages\/8412","targetHints":{"allow":["GET"]}}],"collection":[{"href":"https:\/\/thejoue.com\/fr\/wp-json\/wp\/v2\/pages"}],"about":[{"href":"https:\/\/thejoue.com\/fr\/wp-json\/wp\/v2\/types\/page"}],"author":[{"embeddable":true,"href":"https:\/\/thejoue.com\/fr\/wp-json\/wp\/v2\/users\/1"}],"replies":[{"embeddable":true,"href":"https:\/\/thejoue.com\/fr\/wp-json\/wp\/v2\/comments?post=8412"}],"version-history":[{"count":6,"href":"https:\/\/thejoue.com\/fr\/wp-json\/wp\/v2\/pages\/8412\/revisions"}],"predecessor-version":[{"id":68442,"href":"https:\/\/thejoue.com\/fr\/wp-json\/wp\/v2\/pages\/8412\/revisions\/68442"}],"wp:attachment":[{"href":"https:\/\/thejoue.com\/fr\/wp-json\/wp\/v2\/media?parent=8412"}],"curies":[{"name":"wp","href":"https:\/\/api.w.org\/{rel}","templated":true}]}}