{"id":8415,"date":"2020-08-22T20:11:53","date_gmt":"2020-08-22T20:11:53","guid":{"rendered":"https:\/\/thejoue.com\/?page_id=8415"},"modified":"2022-03-26T00:12:34","modified_gmt":"2022-03-25T23:12:34","slug":"contactez-nous","status":"publish","type":"page","link":"https:\/\/thejoue.com\/fr\/contactez-nous\/","title":{"rendered":"Contactez-nous"},"content":{"rendered":"<p><img decoding=\"async\" class=\"alignnone size-full\" src=\"https:\/\/thejoue.com\/wp-content\/uploads\/2020\/04\/office-2.jpg?w=1520&amp;ssl=1\" width=\"1520\" height=\"1013\" alt=\"\" title=\"\"><\/p>\n<p>Bonjour \u00e0 tous, bienvenue sur le blog de Jou\u00e9 !<\/p>\n<p>Cette plateforme est con\u00e7ue pour faire entendre votre voix. Ici, \u00e0 Jou\u00e9, nous croyons que tout le monde a un talent unique et peut r\u00e9ussir, m\u00eame si nous avons l&rsquo;air moyen dans la vie r\u00e9elle. Soyez audacieux et partagez les mots.<\/p>\n<p>Si vous avez des questions concernant le contenu ou d&rsquo;autres sujets que vous pourriez trouver ici, veuillez nous contacter \u00e0 <strong><em>camille@thejoue(dot)com<\/em><\/strong> et nous vous r\u00e9pondrons d\u00e8s que possible. Merci !<\/p>\n","protected":false},"excerpt":{"rendered":"<p>Bonjour \u00e0 tous, bienvenue sur le blog de Jou\u00e9 ! Cette plateforme est con\u00e7ue pour faire entendre votre voix. Ici, \u00e0 Jou\u00e9, nous croyons que tout le monde a un talent unique et peut r\u00e9ussir, m\u00eame si nous avons l&rsquo;air moyen dans la vie r\u00e9elle. Soyez audacieux et partagez les mots. Si vous avez des&hellip;<\/p>\n","protected":false},"author":1,"featured_media":0,"parent":0,"menu_order":1,"comment_status":"closed","ping_status":"closed","template":"","meta":{"footnotes":""},"class_list":["post-8415","page","type-page","status-publish","hentry"],"_links":{"self":[{"href":"https:\/\/thejoue.com\/fr\/wp-json\/wp\/v2\/pages\/8415","targetHints":{"allow":["GET"]}}],"collection":[{"href":"https:\/\/thejoue.com\/fr\/wp-json\/wp\/v2\/pages"}],"about":[{"href":"https:\/\/thejoue.com\/fr\/wp-json\/wp\/v2\/types\/page"}],"author":[{"embeddable":true,"href":"https:\/\/thejoue.com\/fr\/wp-json\/wp\/v2\/users\/1"}],"replies":[{"embeddable":true,"href":"https:\/\/thejoue.com\/fr\/wp-json\/wp\/v2\/comments?post=8415"}],"version-history":[{"count":1,"href":"https:\/\/thejoue.com\/fr\/wp-json\/wp\/v2\/pages\/8415\/revisions"}],"predecessor-version":[{"id":67479,"href":"https:\/\/thejoue.com\/fr\/wp-json\/wp\/v2\/pages\/8415\/revisions\/67479"}],"wp:attachment":[{"href":"https:\/\/thejoue.com\/fr\/wp-json\/wp\/v2\/media?parent=8415"}],"curies":[{"name":"wp","href":"https:\/\/api.w.org\/{rel}","templated":true}]}}