{"id":67495,"date":"2022-03-26T00:25:27","date_gmt":"2022-03-25T23:25:27","guid":{"rendered":"https:\/\/thejoue.com\/?page_id=67495"},"modified":"2022-03-26T00:26:05","modified_gmt":"2022-03-25T23:26:05","slug":"contatto","status":"publish","type":"page","link":"https:\/\/thejoue.com\/it\/contatto\/","title":{"rendered":"Contattateci"},"content":{"rendered":"<p><img decoding=\"async\" class=\"alignnone size-full\" src=\"https:\/\/thejoue.com\/wp-content\/uploads\/2020\/04\/office-2.jpg?w=1520&amp;ssl=1\" width=\"1520\" height=\"1013\" alt=\"\" title=\"\">Ciao a tutti, benvenuti sul blog di Jou\u00e9!<\/p>\n<p>Questa piattaforma \u00e8 progettata per far sentire la tua voce. Qui a Jou\u00e9 crediamo che ognuno abbia un talento unico e possa arrivare al successo per quanto mediocre sia il nostro aspetto nella vita reale. Sii audace e condividi le parole.<\/p>\n<p>Se hai qualche domanda sul contenuto o su altri problemi che puoi trovare qui, per favore contattaci a <em><strong>camille@thejoue(dot)com<\/strong><\/em> e ti risponderemo il prima possibile. Grazie!<\/p>\n","protected":false},"excerpt":{"rendered":"<p>Ciao a tutti, benvenuti sul blog di Jou\u00e9! Questa piattaforma \u00e8 progettata per far sentire la tua voce. Qui a Jou\u00e9 crediamo che ognuno abbia un talento unico e possa arrivare al successo per quanto mediocre sia il nostro aspetto nella vita reale. Sii audace e condividi le parole. Se hai qualche domanda sul contenuto&hellip;<\/p>\n","protected":false},"author":1,"featured_media":0,"parent":0,"menu_order":1,"comment_status":"closed","ping_status":"closed","template":"","meta":{"footnotes":""},"class_list":["post-67495","page","type-page","status-publish","hentry"],"_links":{"self":[{"href":"https:\/\/thejoue.com\/it\/wp-json\/wp\/v2\/pages\/67495","targetHints":{"allow":["GET"]}}],"collection":[{"href":"https:\/\/thejoue.com\/it\/wp-json\/wp\/v2\/pages"}],"about":[{"href":"https:\/\/thejoue.com\/it\/wp-json\/wp\/v2\/types\/page"}],"author":[{"embeddable":true,"href":"https:\/\/thejoue.com\/it\/wp-json\/wp\/v2\/users\/1"}],"replies":[{"embeddable":true,"href":"https:\/\/thejoue.com\/it\/wp-json\/wp\/v2\/comments?post=67495"}],"version-history":[{"count":2,"href":"https:\/\/thejoue.com\/it\/wp-json\/wp\/v2\/pages\/67495\/revisions"}],"predecessor-version":[{"id":67498,"href":"https:\/\/thejoue.com\/it\/wp-json\/wp\/v2\/pages\/67495\/revisions\/67498"}],"wp:attachment":[{"href":"https:\/\/thejoue.com\/it\/wp-json\/wp\/v2\/media?parent=67495"}],"curies":[{"name":"wp","href":"https:\/\/api.w.org\/{rel}","templated":true}]}}