{"id":67502,"date":"2022-03-26T00:33:35","date_gmt":"2022-03-25T23:33:35","guid":{"rendered":"https:\/\/thejoue.com\/?page_id=67502"},"modified":"2022-03-26T00:34:34","modified_gmt":"2022-03-25T23:34:34","slug":"entre-em-contato-conosco","status":"publish","type":"page","link":"https:\/\/thejoue.com\/pt-br\/entre-em-contato-conosco\/","title":{"rendered":"Entre em contato conosco"},"content":{"rendered":"\n<p><\/p>\n\n\n\n<figure class=\"wp-block-image\"><img decoding=\"async\" src=\"https:\/\/thejoue.com\/wp-content\/uploads\/2020\/04\/office-2.jpg?w=1520&amp;ssl=1\" alt=\"\" title=\"\"><\/figure>\n\n\n\n<p>Ol\u00e1, bem-vindo ao blog do Jou\u00e9!<\/p>\n\n\n\n<p>Esta plataforma foi projetada para fazer sua voz ser ouvida. Aqui em Jou\u00e9 acreditamos que todos t\u00eam um talento \u00fanico e podem chegar ao sucesso por mais mediano que seja o nosso olhar na vida real. Seja ousado e compartilhe as palavras.<\/p>\n\n\n\n<p>Se voc\u00ea encontrar qualquer d\u00favida sobre o conte\u00fado ou outras quest\u00f5es que voc\u00ea possa encontrar aqui, por favor, entre em contato conosco em <strong><em>camille@thejoue(dot)com<\/em><\/strong> e n\u00f3s entraremos em contato o mais r\u00e1pido poss\u00edvel. Obrigado!<\/p>\n","protected":false},"excerpt":{"rendered":"<p>Ol\u00e1, bem-vindo ao blog do Jou\u00e9! Esta plataforma foi projetada para fazer sua voz ser ouvida. Aqui em Jou\u00e9 acreditamos que todos t\u00eam um talento \u00fanico e podem chegar ao sucesso por mais mediano que seja o nosso olhar na vida real. Seja ousado e compartilhe as palavras. Se voc\u00ea encontrar qualquer d\u00favida sobre o&hellip;<\/p>\n","protected":false},"author":1,"featured_media":0,"parent":0,"menu_order":1,"comment_status":"closed","ping_status":"closed","template":"","meta":{"footnotes":""},"class_list":["post-67502","page","type-page","status-publish","hentry"],"_links":{"self":[{"href":"https:\/\/thejoue.com\/pt-br\/wp-json\/wp\/v2\/pages\/67502","targetHints":{"allow":["GET"]}}],"collection":[{"href":"https:\/\/thejoue.com\/pt-br\/wp-json\/wp\/v2\/pages"}],"about":[{"href":"https:\/\/thejoue.com\/pt-br\/wp-json\/wp\/v2\/types\/page"}],"author":[{"embeddable":true,"href":"https:\/\/thejoue.com\/pt-br\/wp-json\/wp\/v2\/users\/1"}],"replies":[{"embeddable":true,"href":"https:\/\/thejoue.com\/pt-br\/wp-json\/wp\/v2\/comments?post=67502"}],"version-history":[{"count":2,"href":"https:\/\/thejoue.com\/pt-br\/wp-json\/wp\/v2\/pages\/67502\/revisions"}],"predecessor-version":[{"id":67505,"href":"https:\/\/thejoue.com\/pt-br\/wp-json\/wp\/v2\/pages\/67502\/revisions\/67505"}],"wp:attachment":[{"href":"https:\/\/thejoue.com\/pt-br\/wp-json\/wp\/v2\/media?parent=67502"}],"curies":[{"name":"wp","href":"https:\/\/api.w.org\/{rel}","templated":true}]}}